{"id":2227,"date":"2021-05-21T16:23:21","date_gmt":"2021-05-21T20:23:21","guid":{"rendered":"https:\/\/unitedwaypr.org\/donaciones\/"},"modified":"2026-03-31T10:29:35","modified_gmt":"2026-03-31T14:29:35","slug":"donations","status":"publish","type":"page","link":"https:\/\/unitedwaypr.org\/en\/donations\/","title":{"rendered":"Donations"},"content":{"rendered":"<section class=\"wpb-content-wrapper\"><p>[vc_section full_width=&#8221;stretch_row_content&#8221; full_height=&#8221;yes&#8221; css=&#8221;.vc_custom_1741704456103{margin-top: -28px !important;}&#8221; el_class=&#8221;aporta-full-section&#8221;][vc_row][vc_column][vc_empty_space][\/vc_column][\/vc_row][vc_row full_width=&#8221;stretch_row_content&#8221; equal_height=&#8221;yes&#8221; content_placement=&#8221;top&#8221; el_id=&#8221;formrow&#8221; el_class=&#8221;swap-donations-layout-on-mobile&#8221;][vc_column width=&#8221;1\/12&#8243;][\/vc_column][vc_column width=&#8221;1\/3&#8243; css=&#8221;.vc_custom_1649096923771{padding-top: 30px !important;padding-right: 30px !important;padding-bottom: 30px !important;padding-left: 30px !important;background-color: #ffffff !important;}&#8221; el_id=&#8221;main-content-form-column&#8221;][vc_column_text el_class=&#8221;blue_bg overlap&#8221;]<\/p>\n<h2>Transform a Life<\/h2>\n<p>[\/vc_column_text][vc_column_text el_class=&#8221;blue_bg overlap hideme&#8221;]Tu presencia en este espacio es muy valiosa para nosotros. Sabemos que al llegar hasta aqu\u00ed, ya est\u00e1s demostrando tu compromiso con nuestro prop\u00f3sito de mejorar la calidad de vida de miles de personas y familias de nuestra comunidad atravesando muchas adversidades y necesidades. Cada donativo, grande o peque\u00f1o, tiene un impacto directo en el trabajo que realizamos y en las personas a las que ayudamos para que todos podamos prosperar.<\/p>\n<p>Te invitamos a ser parte de este cambio positivo. Con tu donaci\u00f3n, podemos continuar con nuestros proyectos, programas e iniciativas para seguir brindando apoyo a quienes m\u00e1s lo necesitan. Tu generosidad es la fuerza que nos permite avanzar.[\/vc_column_text][vc_column_text]<div class=\"give-embed-form-wrapper\" id=\"give-69d264c00e5e1\"><iframe\n\t\t\t\tname=\"give-embed-form\"\n\t\t\t\tsrc=\"https:\/\/unitedwaypr.org\/en\/give\/donaciones\/?giveDonationFormInIframe=1\"\n\t\t\t\t\n\t\t\t\tdata-autoScroll=\"0\"\n\t\t\t\tonload=\"if( 'undefined' !== typeof Give ) { Give.initializeIframeResize(this) }\"\n\t\t\t\tstyle=\"border: 0;visibility: hidden;min-height: 645px;\"><\/iframe><div class=\"iframe-loader\">\n<div style=\"\n\t\theight: calc(100% - 28px);\n\t\twidth: calc(100% - 20px);\n\t\tmax-width: 552px;\n\t\tmargin: 10px auto 10px auto;\n\t\tbackground: transparent;\n\t\tborder-radius: 6px;\n\t\tdisplay: flex;\n\t\talign-items: center;\n\t\tjustify-content: center;\n\t\">\n    <div style=\"\n        pointer-events: none;\n        height: 90px;\n        width: 90px;\n        background-image: url(&quot;data:image\/svg+xml;charset=utf8,%3C?xml version='1.0' encoding='utf-8'?%3E%3C!-- Generator: Adobe Illustrator 24.1.0, SVG Export Plug-In . SVG Version: 6.00 Build 0) --%3E%3Csvg version='1.1' id='Layer_1' xmlns='http:\/\/www.w3.org\/2000\/svg' xmlns:xlink='http:\/\/www.w3.org\/1999\/xlink' x='0px' y='0px' viewBox='0 0 349 348' style='enable-background:new 0 0 349 348;' xml:space='preserve'%3E%3Cstyle type='text\/css'%3E .st0{fill:%23005191;} %3C\/style%3E%3Cpath class='st0' d='M25.1,204.57c-13.38,0-24.47-10.6-24.97-24.08C0.04,178.09,0,175.97,0,174C0,77.78,78.28-0.5,174.5-0.5 c13.81,0,25,11.19,25,25s-11.19,25-25,25C105.85,49.5,50,105.35,50,174c0,1.37,0.03,2.85,0.1,4.65c0.51,13.8-10.27,25.39-24.07,25.9 C25.72,204.56,25.41,204.57,25.1,204.57z'\/%3E%3Cpath class='st0' d='M174.5,348.5c-13.81,0-25-11.19-25-25c0-13.81,11.19-25,25-25c68.65,0,124.5-55.85,124.5-124.5 c0-1.38-0.03-2.85-0.1-4.65c-0.51-13.8,10.26-25.4,24.06-25.91c13.83-0.53,25.4,10.26,25.91,24.06c0.09,2.39,0.13,4.51,0.13,6.49 C349,270.22,270.72,348.5,174.5,348.5z'\/%3E%3C\/svg%3E&quot;);\n        animation: spin 0.6s linear infinite;\n        \"><\/div>\n<\/div>\n<\/div><\/div>[\/vc_column_text][vc_row_inner el_class=&#8221;secure-logo-row&#8221;][vc_column_inner width=&#8221;1\/3&#8243;][vc_single_image image=&#8221;673&#8243; img_size=&#8221;full&#8221; alignment=&#8221;center&#8221;][\/vc_column_inner][vc_column_inner width=&#8221;1\/3&#8243;][vc_single_image image=&#8221;677&#8243; img_size=&#8221;full&#8221; alignment=&#8221;center&#8221;][\/vc_column_inner][vc_column_inner width=&#8221;1\/3&#8243;][vc_single_image image=&#8221;675&#8243; img_size=&#8221;full&#8221; alignment=&#8221;center&#8221;][\/vc_column_inner][\/vc_row_inner][\/vc_column][vc_column width=&#8221;7\/12&#8243; el_class=&#8221;poquito-model-column&#8221;][vc_row_inner][vc_column_inner][vc_column_text el_class=&#8221;main-body-text-aporta white&#8221;]<\/p>\n<h1 class=\"center-on-mobile orange-heading-main\">Thank you for visiting our donation portal!<\/h1>\n<h3>Many older adults in Puerto Rico face loneliness, abandonment, and uncertainty. With your donation, you can help transform those realities into opportunities for companionship, support, and well-being.<\/h3>\n<h3>Thank you for trusting United Way Puerto Rico and supporting our mission to create meaningful community impact. By bringing together resources, goodwill, and compassionate hearts, we demonstrate that when we commit to the common good, we align wills to action that becomes real change.<\/h3>\n<h3>Your support is needed today.<\/h3>\n<h3>UNITED IN ACTION to serve, grow and transform lives.<\/h3>\n<p class=\"donate-rd\"><a class=\"donate-rd-button\" href=\"tel:787-268-5353\">Donate by Phone<\/a><\/p>\n<p class=\"donate-rd\"><a class=\"donate-ahora-rd-button\" href=\"#main-content-form-column\">Donate Now<\/a><\/p>\n<p>[\/vc_column_text][vc_empty_space height=&#8221;470px&#8221; el_class=&#8221;desktop-only-aporta-spacer hideme&#8221;][vc_single_image image=&#8221;5277&#8243; img_size=&#8221;full&#8221; alignment=&#8221;center&#8221; el_id=&#8221;poquito-model&#8221; css=&#8221;.vc_custom_1761230602928{margin-top: 0px !important;margin-right: 0px !important;margin-bottom: 0px !important;margin-left: 0px !important;padding-top: 0px !important;padding-right: 0px !important;padding-bottom: 0px !important;padding-left: 0px !important;}&#8221; el_class=&#8221;mobile-only-aporta&#8221;][\/vc_column_inner][\/vc_row_inner][vc_row_inner content_placement=&#8221;middle&#8221; css=&#8221;.vc_custom_1741810634471{margin-top: 0px !important;margin-right: 0px !important;margin-bottom: 0px !important;margin-left: 0px !important;background-color: #005191 !important;background-position: center !important;background-repeat: no-repeat !important;background-size: cover !important;}&#8221; el_class=&#8221;full-row-pricing-description&#8221;][vc_column_inner width=&#8221;3\/12&#8243;][vc_column_text el_class=&#8221;white desktop-only-aporta roboto&#8221;]<\/p>\n<h4 style=\"text-align: center;\">Make a Difference<\/h4>\n<p>[\/vc_column_text][vc_single_image image=&#8221;5277&#8243; img_size=&#8221;full&#8221; alignment=&#8221;center&#8221; css=&#8221;.vc_custom_1761242686772{margin-top: -80px !important;margin-right: 0px !important;margin-bottom: -20px !important;margin-left: 0px !important;padding-top: 0px !important;padding-right: 0px !important;padding-bottom: 0px !important;padding-left: 0px !important;}&#8221; el_id=&#8221;poquito-girl&#8221;][vc_column_text el_class=&#8221;white desktop-only-aporta roboto&#8221;]<!--\n\n\n<h4 style=\"text-align: center;\">transforma<span style=\"color: #f47814;\">una<\/span>vida.org<\/h4>\n\n\n--><\/p>\n<h4 style=\"text-align: center;\">Donate Today<\/h4>\n<p>[\/vc_column_text][\/vc_column_inner][vc_column_inner el_class=&#8221;column-pushup-1&#8243; width=&#8221;4\/12&#8243;][vc_column_text el_class=&#8221;white right-orange-border&#8221; css=&#8221;.vc_custom_1771871422028{margin-top: 0px !important;margin-right: 0px !important;margin-bottom: 0px !important;margin-left: 0px !important;padding-top: 0px !important;padding-right: 0px !important;padding-bottom: 0px !important;padding-left: 0px !important;}&#8221; el_id=&#8221;pricing-block&#8221;]<\/p>\n<p style=\"text-align: center;\"><span class=\"pricing-small\">WITH YOUR<\/span><br \/>\n<span class=\"pricing-large\">ONE TIME<\/span><br \/>\n<span class=\"pricing-medium\">DONATION<\/span><\/p>\n<p>[\/vc_column_text][\/vc_column_inner][vc_column_inner el_class=&#8221;column-pushup-2&#8243; width=&#8221;5\/12&#8243;][vc_column_text el_class=&#8221;white roboto&#8221; css=&#8221;.vc_custom_1771871356731{margin-top: 0px !important;margin-right: 0px !important;margin-bottom: 0px !important;margin-left: 0px !important;padding-top: 0px !important;padding-right: 0px !important;padding-bottom: 0px !important;padding-left: 0px !important;}&#8221; el_id=&#8221;pricing-description&#8221;]<\/p>\n<h4>You will be supporting more than 100 non-profit organizations that make their impact on the areas of financial security, healthy and resilient communities, and opportunities for children and youth of Puerto Rico.<\/h4>\n<p>[\/vc_column_text][\/vc_column_inner][\/vc_row_inner][\/vc_column][\/vc_row][vc_row el_class=&#8221;donations-mobile-only-mobile-form-footer&#8221;][vc_column css=&#8221;.vc_custom_1771619590247{margin-right: 0px !important;margin-left: 0px !important;padding-right: 0px !important;padding-left: 0px !important;}&#8221;][vc_row_inner content_placement=&#8221;middle&#8221; css=&#8221;.vc_custom_1771619310347{margin-top: 0px !important;margin-right: 0px !important;margin-bottom: 0px !important;margin-left: 0px !important;background-color: #005191 !important;background-position: center !important;background-repeat: no-repeat !important;background-size: cover !important;}&#8221; el_class=&#8221;full-row-pricing-description&#8221;][vc_column_inner width=&#8221;3\/12&#8243;][vc_column_text el_class=&#8221;white desktop-only-aporta roboto&#8221;]<\/p>\n<h4 style=\"text-align: center;\">Make a Difference<\/h4>\n<p>[\/vc_column_text][vc_single_image image=&#8221;5277&#8243; img_size=&#8221;full&#8221; alignment=&#8221;center&#8221; css=&#8221;.vc_custom_1771618930730{margin-top: -40px !important;margin-right: 0px !important;margin-bottom: 0px !important;margin-left: 0px !important;padding-top: 0px !important;padding-right: 0px !important;padding-bottom: 0px !important;padding-left: 0px !important;}&#8221; el_id=&#8221;poquito-girl-mobile&#8221;][vc_column_text el_class=&#8221;white desktop-only-aporta roboto&#8221;]<!--\n\n\n<h4 style=\"text-align: center;\">transforma<span style=\"color: #f47814;\">una<\/span>vida.org<\/h4>\n\n\n--><\/p>\n<h4 style=\"text-align: center;\">Donate Today<\/h4>\n<p>[\/vc_column_text][\/vc_column_inner][vc_column_inner el_class=&#8221;column-pushup-1&#8243; width=&#8221;4\/12&#8243;][vc_column_text el_class=&#8221;white right-orange-border&#8221; css=&#8221;.vc_custom_1771871874644{margin-top: 0px !important;margin-right: 0px !important;margin-bottom: 0px !important;margin-left: 0px !important;padding-top: 0px !important;padding-right: 0px !important;padding-bottom: 0px !important;padding-left: 0px !important;}&#8221;]<\/p>\n<p style=\"text-align: center;\"><span class=\"pricing-small\">WITH YOUR<\/span><br \/>\n<span class=\"pricing-large\">ONE TIME<\/span><br \/>\n<span class=\"pricing-medium\">DONATION<\/span><\/p>\n<p>[\/vc_column_text][\/vc_column_inner][vc_column_inner el_class=&#8221;column-pushup-2&#8243; width=&#8221;5\/12&#8243;][vc_column_text el_class=&#8221;white roboto&#8221; css=&#8221;.vc_custom_1771871365700{margin-top: 0px !important;margin-right: 0px !important;margin-bottom: 2.5rem !important;margin-left: 0px !important;padding-top: 0px !important;padding-right: 0px !important;padding-bottom: 0px !important;padding-left: 0px !important;}&#8221;]<\/p>\n<h4 style=\"text-align: center;\">You will be supporting more than 100 non-profit organizations that make their impact on the areas of financial security, healthy and resilient communities, and opportunities for children and youth of Puerto Rico.<\/h4>\n<p class=\"donate-rd\"><a class=\"donate-rd-button-mobile-phone\" href=\"tel:787-268-5353\">Donate by Phone<\/a><\/p>\n<p>[\/vc_column_text][\/vc_column_inner][\/vc_row_inner][\/vc_column][\/vc_row][vc_row el_class=&#8221;desktop-only&#8221;][vc_column][vc_empty_space][\/vc_column][\/vc_row][\/vc_section]<\/p>\n<\/section>","protected":false},"excerpt":{"rendered":"<p>[vc_section full_width=&#8221;stretch_row_content&#8221; full_height=&#8221;yes&#8221; css=&#8221;.vc_custom_1741704456103{margin-top: -28px !important;}&#8221; el_class=&#8221;aporta-full-section&#8221;][vc_row][vc_column][vc_empty_space][\/vc_column][\/vc_row][vc_row full_width=&#8221;stretch_row_content&#8221; equal_height=&#8221;yes&#8221; content_placement=&#8221;top&#8221; el_id=&#8221;formrow&#8221; el_class=&#8221;swap-donations-layout-on-mobile&#8221;][vc_column width=&#8221;1\/12&#8243;][\/vc_column][vc_column width=&#8221;1\/3&#8243; css=&#8221;.vc_custom_1649096923771{padding-top: 30px !important;padding-right: 30px !important;padding-bottom: 30px !important;padding-left: 30px !important;background-color: #ffffff !important;}&#8221; el_id=&#8221;main-content-form-column&#8221;][vc_column_text el_class=&#8221;blue_bg overlap&#8221;] Transform a Life [\/vc_column_text][vc_column_text el_class=&#8221;blue_bg overlap hideme&#8221;]Tu presencia en este espacio es muy valiosa para nosotros. Sabemos que al llegar hasta aqu\u00ed, ya est\u00e1s demostrando tu compromiso [&hellip;]<\/p>\n","protected":false},"author":2,"featured_media":0,"parent":0,"menu_order":0,"comment_status":"closed","ping_status":"closed","template":"","meta":{"give_campaign_id":0,"_monsterinsights_skip_tracking":false,"_monsterinsights_sitenote_active":false,"_monsterinsights_sitenote_note":"","_monsterinsights_sitenote_category":0,"site-sidebar-layout":"no-sidebar","site-content-layout":"plain-container","ast-site-content-layout":"normal-width-container","site-content-style":"unboxed","site-sidebar-style":"unboxed","ast-global-header-display":"","ast-banner-title-visibility":"","ast-main-header-display":"","ast-hfb-above-header-display":"","ast-hfb-below-header-display":"","ast-hfb-mobile-header-display":"","site-post-title":"disabled","ast-breadcrumbs-content":"","ast-featured-img":"disabled","footer-sml-layout":"","theme-transparent-header-meta":"default","adv-header-id-meta":"","stick-header-meta":"default","header-above-stick-meta":"","header-main-stick-meta":"","header-below-stick-meta":"","astra-migrate-meta-layouts":"set","ast-page-background-enabled":"default","ast-page-background-meta":{"desktop":{"background-color":"","background-image":"","background-repeat":"repeat","background-position":"center center","background-size":"auto","background-attachment":"scroll","background-type":"","background-media":"","overlay-type":"","overlay-color":"","overlay-opacity":"","overlay-gradient":""},"tablet":{"background-color":"","background-image":"","background-repeat":"repeat","background-position":"center center","background-size":"auto","background-attachment":"scroll","background-type":"","background-media":"","overlay-type":"","overlay-color":"","overlay-opacity":"","overlay-gradient":""},"mobile":{"background-color":"","background-image":"","background-repeat":"repeat","background-position":"center center","background-size":"auto","background-attachment":"scroll","background-type":"","background-media":"","overlay-type":"","overlay-color":"","overlay-opacity":"","overlay-gradient":""}},"ast-content-background-meta":{"desktop":{"background-color":"var(--ast-global-color-5)","background-image":"","background-repeat":"repeat","background-position":"center center","background-size":"auto","background-attachment":"scroll","background-type":"","background-media":"","overlay-type":"","overlay-color":"","overlay-opacity":"","overlay-gradient":""},"tablet":{"background-color":"var(--ast-global-color-5)","background-image":"","background-repeat":"repeat","background-position":"center center","background-size":"auto","background-attachment":"scroll","background-type":"","background-media":"","overlay-type":"","overlay-color":"","overlay-opacity":"","overlay-gradient":""},"mobile":{"background-color":"var(--ast-global-color-5)","background-image":"","background-repeat":"repeat","background-position":"center center","background-size":"auto","background-attachment":"scroll","background-type":"","background-media":"","overlay-type":"","overlay-color":"","overlay-opacity":"","overlay-gradient":""}},"footnotes":""},"class_list":["post-2227","page","type-page","status-publish","hentry"],"yoast_head":"<!-- This site is optimized with the Yoast SEO Premium plugin v25.9 (Yoast SEO v25.9) - https:\/\/yoast.com\/wordpress\/plugins\/seo\/ -->\n<title>Donations - United Way de Puerto Rico<\/title>\n<meta name=\"robots\" content=\"index, follow, max-snippet:-1, max-image-preview:large, max-video-preview:-1\" \/>\n<link rel=\"canonical\" href=\"https:\/\/unitedwaypr.org\/en\/donations\/\" \/>\n<meta property=\"og:locale\" content=\"en_US\" \/>\n<meta property=\"og:type\" content=\"article\" \/>\n<meta property=\"og:title\" content=\"Donations\" \/>\n<meta property=\"og:description\" content=\"[vc_section full_width=&#8221;stretch_row_content&#8221; full_height=&#8221;yes&#8221; css=&#8221;.vc_custom_1741704456103{margin-top: -28px !important;}&#8221; el_class=&#8221;aporta-full-section&#8221;][vc_row][vc_column][vc_empty_space][\/vc_column][\/vc_row][vc_row full_width=&#8221;stretch_row_content&#8221; equal_height=&#8221;yes&#8221; content_placement=&#8221;top&#8221; el_id=&#8221;formrow&#8221; el_class=&#8221;swap-donations-layout-on-mobile&#8221;][vc_column width=&#8221;1\/12&#8243;][\/vc_column][vc_column width=&#8221;1\/3&#8243; css=&#8221;.vc_custom_1649096923771{padding-top: 30px !important;padding-right: 30px !important;padding-bottom: 30px !important;padding-left: 30px !important;background-color: #ffffff !important;}&#8221; el_id=&#8221;main-content-form-column&#8221;][vc_column_text el_class=&#8221;blue_bg overlap&#8221;] Transform a Life [\/vc_column_text][vc_column_text el_class=&#8221;blue_bg overlap hideme&#8221;]Tu presencia en este espacio es muy valiosa para nosotros. Sabemos que al llegar hasta aqu\u00ed, ya est\u00e1s demostrando tu compromiso [&hellip;]\" \/>\n<meta property=\"og:url\" content=\"https:\/\/unitedwaypr.org\/en\/donations\/\" \/>\n<meta property=\"og:site_name\" content=\"United Way de Puerto Rico\" \/>\n<meta property=\"article:publisher\" content=\"https:\/\/www.facebook.com\/unitedwaypr\" \/>\n<meta property=\"article:modified_time\" content=\"2026-03-31T14:29:35+00:00\" \/>\n<meta name=\"twitter:card\" content=\"summary_large_image\" \/>\n<meta name=\"twitter:site\" content=\"@unitedwaypr\" \/>\n<meta name=\"twitter:label1\" content=\"Est. reading time\" \/>\n\t<meta name=\"twitter:data1\" content=\"4 minutes\" \/>\n<script type=\"application\/ld+json\" class=\"yoast-schema-graph\">{\"@context\":\"https:\/\/schema.org\",\"@graph\":[{\"@type\":\"WebPage\",\"@id\":\"https:\/\/unitedwaypr.org\/en\/donations\/\",\"url\":\"https:\/\/unitedwaypr.org\/en\/donations\/\",\"name\":\"Donations - United Way de Puerto Rico\",\"isPartOf\":{\"@id\":\"https:\/\/unitedwaypr.org\/en\/#website\"},\"datePublished\":\"2021-05-21T20:23:21+00:00\",\"dateModified\":\"2026-03-31T14:29:35+00:00\",\"breadcrumb\":{\"@id\":\"https:\/\/unitedwaypr.org\/en\/donations\/#breadcrumb\"},\"inLanguage\":\"en-US\",\"potentialAction\":[{\"@type\":\"ReadAction\",\"target\":[\"https:\/\/unitedwaypr.org\/en\/donations\/\"]}]},{\"@type\":\"BreadcrumbList\",\"@id\":\"https:\/\/unitedwaypr.org\/en\/donations\/#breadcrumb\",\"itemListElement\":[{\"@type\":\"ListItem\",\"position\":1,\"name\":\"Home\",\"item\":\"https:\/\/unitedwaypr.org\/en\/\"},{\"@type\":\"ListItem\",\"position\":2,\"name\":\"Donations\"}]},{\"@type\":\"WebSite\",\"@id\":\"https:\/\/unitedwaypr.org\/en\/#website\",\"url\":\"https:\/\/unitedwaypr.org\/en\/\",\"name\":\"United Way Puerto Rico\",\"description\":\"\",\"publisher\":{\"@id\":\"https:\/\/unitedwaypr.org\/en\/#organization\"},\"potentialAction\":[{\"@type\":\"SearchAction\",\"target\":{\"@type\":\"EntryPoint\",\"urlTemplate\":\"https:\/\/unitedwaypr.org\/en\/?s={search_term_string}\"},\"query-input\":{\"@type\":\"PropertyValueSpecification\",\"valueRequired\":true,\"valueName\":\"search_term_string\"}}],\"inLanguage\":\"en-US\"},{\"@type\":\"Organization\",\"@id\":\"https:\/\/unitedwaypr.org\/en\/#organization\",\"name\":\"United Way Puerto Rico\",\"url\":\"https:\/\/unitedwaypr.org\/en\/\",\"logo\":{\"@type\":\"ImageObject\",\"inLanguage\":\"en-US\",\"@id\":\"https:\/\/unitedwaypr.org\/en\/#\/schema\/logo\/image\/\",\"url\":\"https:\/\/unitedwaypr.org\/wp-content\/uploads\/2024\/11\/UWPR-brand-header-Logo.svg\",\"contentUrl\":\"https:\/\/unitedwaypr.org\/wp-content\/uploads\/2024\/11\/UWPR-brand-header-Logo.svg\",\"caption\":\"United Way Puerto Rico\"},\"image\":{\"@id\":\"https:\/\/unitedwaypr.org\/en\/#\/schema\/logo\/image\/\"},\"sameAs\":[\"https:\/\/www.facebook.com\/unitedwaypr\",\"https:\/\/x.com\/unitedwaypr\",\"https:\/\/www.instagram.com\/unitedwaypr\"]}]}<\/script>\n<!-- \/ Yoast SEO Premium plugin. -->","yoast_head_json":{"title":"Donations - United Way de Puerto Rico","robots":{"index":"index","follow":"follow","max-snippet":"max-snippet:-1","max-image-preview":"max-image-preview:large","max-video-preview":"max-video-preview:-1"},"canonical":"https:\/\/unitedwaypr.org\/en\/donations\/","og_locale":"en_US","og_type":"article","og_title":"Donations","og_description":"[vc_section full_width=&#8221;stretch_row_content&#8221; full_height=&#8221;yes&#8221; css=&#8221;.vc_custom_1741704456103{margin-top: -28px !important;}&#8221; el_class=&#8221;aporta-full-section&#8221;][vc_row][vc_column][vc_empty_space][\/vc_column][\/vc_row][vc_row full_width=&#8221;stretch_row_content&#8221; equal_height=&#8221;yes&#8221; content_placement=&#8221;top&#8221; el_id=&#8221;formrow&#8221; el_class=&#8221;swap-donations-layout-on-mobile&#8221;][vc_column width=&#8221;1\/12&#8243;][\/vc_column][vc_column width=&#8221;1\/3&#8243; css=&#8221;.vc_custom_1649096923771{padding-top: 30px !important;padding-right: 30px !important;padding-bottom: 30px !important;padding-left: 30px !important;background-color: #ffffff !important;}&#8221; el_id=&#8221;main-content-form-column&#8221;][vc_column_text el_class=&#8221;blue_bg overlap&#8221;] Transform a Life [\/vc_column_text][vc_column_text el_class=&#8221;blue_bg overlap hideme&#8221;]Tu presencia en este espacio es muy valiosa para nosotros. Sabemos que al llegar hasta aqu\u00ed, ya est\u00e1s demostrando tu compromiso [&hellip;]","og_url":"https:\/\/unitedwaypr.org\/en\/donations\/","og_site_name":"United Way de Puerto Rico","article_publisher":"https:\/\/www.facebook.com\/unitedwaypr","article_modified_time":"2026-03-31T14:29:35+00:00","twitter_card":"summary_large_image","twitter_site":"@unitedwaypr","twitter_misc":{"Est. reading time":"4 minutes"},"schema":{"@context":"https:\/\/schema.org","@graph":[{"@type":"WebPage","@id":"https:\/\/unitedwaypr.org\/en\/donations\/","url":"https:\/\/unitedwaypr.org\/en\/donations\/","name":"Donations - United Way de Puerto Rico","isPartOf":{"@id":"https:\/\/unitedwaypr.org\/en\/#website"},"datePublished":"2021-05-21T20:23:21+00:00","dateModified":"2026-03-31T14:29:35+00:00","breadcrumb":{"@id":"https:\/\/unitedwaypr.org\/en\/donations\/#breadcrumb"},"inLanguage":"en-US","potentialAction":[{"@type":"ReadAction","target":["https:\/\/unitedwaypr.org\/en\/donations\/"]}]},{"@type":"BreadcrumbList","@id":"https:\/\/unitedwaypr.org\/en\/donations\/#breadcrumb","itemListElement":[{"@type":"ListItem","position":1,"name":"Home","item":"https:\/\/unitedwaypr.org\/en\/"},{"@type":"ListItem","position":2,"name":"Donations"}]},{"@type":"WebSite","@id":"https:\/\/unitedwaypr.org\/en\/#website","url":"https:\/\/unitedwaypr.org\/en\/","name":"United Way Puerto Rico","description":"","publisher":{"@id":"https:\/\/unitedwaypr.org\/en\/#organization"},"potentialAction":[{"@type":"SearchAction","target":{"@type":"EntryPoint","urlTemplate":"https:\/\/unitedwaypr.org\/en\/?s={search_term_string}"},"query-input":{"@type":"PropertyValueSpecification","valueRequired":true,"valueName":"search_term_string"}}],"inLanguage":"en-US"},{"@type":"Organization","@id":"https:\/\/unitedwaypr.org\/en\/#organization","name":"United Way Puerto Rico","url":"https:\/\/unitedwaypr.org\/en\/","logo":{"@type":"ImageObject","inLanguage":"en-US","@id":"https:\/\/unitedwaypr.org\/en\/#\/schema\/logo\/image\/","url":"https:\/\/unitedwaypr.org\/wp-content\/uploads\/2024\/11\/UWPR-brand-header-Logo.svg","contentUrl":"https:\/\/unitedwaypr.org\/wp-content\/uploads\/2024\/11\/UWPR-brand-header-Logo.svg","caption":"United Way Puerto Rico"},"image":{"@id":"https:\/\/unitedwaypr.org\/en\/#\/schema\/logo\/image\/"},"sameAs":["https:\/\/www.facebook.com\/unitedwaypr","https:\/\/x.com\/unitedwaypr","https:\/\/www.instagram.com\/unitedwaypr"]}]}},"campaignId":"","_links":{"self":[{"href":"https:\/\/unitedwaypr.org\/en\/wp-json\/wp\/v2\/pages\/2227","targetHints":{"allow":["GET"]}}],"collection":[{"href":"https:\/\/unitedwaypr.org\/en\/wp-json\/wp\/v2\/pages"}],"about":[{"href":"https:\/\/unitedwaypr.org\/en\/wp-json\/wp\/v2\/types\/page"}],"author":[{"embeddable":true,"href":"https:\/\/unitedwaypr.org\/en\/wp-json\/wp\/v2\/users\/2"}],"replies":[{"embeddable":true,"href":"https:\/\/unitedwaypr.org\/en\/wp-json\/wp\/v2\/comments?post=2227"}],"version-history":[{"count":0,"href":"https:\/\/unitedwaypr.org\/en\/wp-json\/wp\/v2\/pages\/2227\/revisions"}],"wp:attachment":[{"href":"https:\/\/unitedwaypr.org\/en\/wp-json\/wp\/v2\/media?parent=2227"}],"curies":[{"name":"wp","href":"https:\/\/api.w.org\/{rel}","templated":true}]}}