{"id":2225,"date":"2021-05-21T10:19:12","date_gmt":"2021-05-21T14:19:12","guid":{"rendered":"https:\/\/unitedwaypr.org\/women-united\/"},"modified":"2022-07-18T13:53:16","modified_gmt":"2022-07-18T17:53:16","slug":"women-united","status":"publish","type":"page","link":"https:\/\/unitedwaypr.org\/en\/women-united\/","title":{"rendered":"Women United"},"content":{"rendered":"<section class=\"wpb-content-wrapper\"><p>[vc_section full_width=&#8221;stretch_row&#8221; css=&#8221;.vc_custom_1621539601131{margin-top: -35px !important;background-position: center !important;background-repeat: no-repeat !important;background-size: cover !important;}&#8221;][vc_row full_width=&#8221;stretch_row&#8221; css=&#8221;.vc_custom_1621606901386{background-image: url(https:\/\/unitedwaypr.org\/wp-content\/uploads\/2021\/05\/women-1.jpg?id=649) !important;background-position: center !important;background-repeat: no-repeat !important;background-size: cover !important;}&#8221;][vc_column][vc_empty_space height=&#8221;45px&#8221;][vc_single_image image=&#8221;2723&#8243; img_size=&#8221;full&#8221; alignment=&#8221;center&#8221;][vc_empty_space height=&#8221;45px&#8221;][\/vc_column][\/vc_row][\/vc_section][vc_section css=&#8221;.vc_custom_1621272086497{background-position: center !important;background-repeat: no-repeat !important;background-size: cover !important;}&#8221;][vc_row full_width=&#8221;stretch_row&#8221;][vc_column][vc_empty_space][vc_column_text]<\/p>\n<h1 class=\"page-title-blue-box\" style=\"text-align: center;\">WOMEN UNITED<\/h1>\n<p>[\/vc_column_text][vc_empty_space height=&#8221;12px&#8221;][\/vc_column][\/vc_row][\/vc_section][vc_section css=&#8221;.vc_custom_1621272086497{background-position: center !important;background-repeat: no-repeat !important;background-size: cover !important;}&#8221;][vc_row full_width=&#8221;stretch_row&#8221;][vc_column][vc_column_text]<strong>Women United<\/strong> is composed by women of diverse sectors with different professions to collaborate in positive transformation in the puertorican society.[\/vc_column_text][vc_column_text]<\/p>\n<h4>With this movement, United Way of Puerto Rico recognizes the female role in the community impact agenda in the organization and the efforts of fundraising, education and prevention.<\/h4>\n<p>[\/vc_column_text][\/vc_column][\/vc_row][vc_row full_width=&#8221;stretch_row&#8221;][vc_column width=&#8221;1\/2&#8243;][vc_column_text]Their mission is to inspire, educate and involve the women of Puerto Rico towards a culture of community service and philanthropy so that together they promote a leadership of social change in the achievement of common welfare. Their focus area is to promote the empowerment and leadership in the females between the ages of 12 to 18 years, with the objective to continue receiving educational, social and mental support. These resources facilitate their capacities and skills that help visualize their life, to plan a successful future and thus being able to provide better opportunities in the future. The programs teach that in order to make the right decisions to be successful they must complete their high school, evaluate their future career, learn to know themselves to manage emotional competencies and values, manage self-sustainability resources with the development of small businesses and seek personal health disciplines with physical activity and healthy eating.[\/vc_column_text][\/vc_column][vc_column width=&#8221;1\/2&#8243;][vc_single_image image=&#8221;653&#8243; img_size=&#8221;full&#8221; alignment=&#8221;center&#8221;][\/vc_column][\/vc_row][vc_row][vc_column][vc_empty_space height=&#8221;42px&#8221;][\/vc_column][\/vc_row][\/vc_section][vc_section full_width=&#8221;stretch_row&#8221; disable_element=&#8221;yes&#8221; css=&#8221;.vc_custom_1626719316390{background-image: url(https:\/\/unitedwaypr.org\/wp-content\/uploads\/2021\/05\/cta-banner-3.jpg?id=89) !important;background-position: center !important;background-repeat: no-repeat !important;background-size: cover !important;}&#8221;][vc_row][vc_column][vc_empty_space height=&#8221;62px&#8221;][vc_column_text el_class=&#8221;white-text&#8221;]<\/p>\n<h2 style=\"text-align: center;\"><span class=\"white-text\">HOY, M\u00c1S QUE NUNCA HACE FALTA TU AYUDA<\/span><\/h2>\n<p style=\"text-align: center;\">Apoya a United Way de Puerto Rico y tu aportaci\u00f3n llegar\u00e1 segura a quien m\u00e1s lo necesita aqu\u00ed en Puerto Rico. Por solo $9.99 al mes puedes cambiar la vida de alguien. Puedes hacer tu aportaci\u00f3n llamando al 2-1-1 desde Puerto Rico o haciendo click aqu\u00ed. Tu aportaci\u00f3n es 100% deducible de impuestos.<\/p>\n<p>[\/vc_column_text][vc_btn title=&#8221;DONAR&#8221; style=&#8221;flat&#8221; shape=&#8221;square&#8221; color=&#8221;primary&#8221; align=&#8221;center&#8221; el_class=&#8221;pric-standard-button&#8221; link=&#8221;url:%2Faporta%2F%23formrow&#8221;][vc_empty_space height=&#8221;72px&#8221;][\/vc_column][\/vc_row][\/vc_section][vc_section full_width=&#8221;stretch_row&#8221; disable_element=&#8221;yes&#8221;][vc_row full_width=&#8221;stretch_row&#8221; css=&#8221;.vc_custom_1626717253197{background-image: url(https:\/\/unitedwaypr.org\/wp-content\/uploads\/2021\/05\/cta-banner-3.jpg?id=89) !important;background-position: center !important;background-repeat: no-repeat !important;background-size: cover !important;}&#8221; el_class=&#8221;updated-cta-row-full&#8221;][vc_column el_class=&#8221;updated-cta-row-column&#8221;][\/vc_column][\/vc_row][vc_row full_width=&#8221;stretch_row&#8221; css=&#8221;.vc_custom_1626095430518{background-position: center !important;background-repeat: no-repeat !important;background-size: cover !important;}&#8221; el_class=&#8221;pushup-cta-row-full&#8221;][vc_column el_class=&#8221;updated-cta-row-column&#8221;][vc_row_inner el_class=&#8221;updated-cta-row-contents&#8221; css=&#8221;.vc_custom_1626094984330{background-position: center !important;background-repeat: no-repeat !important;background-size: cover !important;}&#8221;][vc_column_inner width=&#8221;1\/6&#8243;][\/vc_column_inner][vc_column_inner el_class=&#8221;pushup-cta-content-column&#8221; width=&#8221;2\/3&#8243; css=&#8221;.vc_custom_1626095883081{background-position: center !important;background-repeat: no-repeat !important;background-size: cover !important;}&#8221;][vc_column_text]<\/p>\n<h2 class=\"cta-overlap-row-heading-singleline\" style=\"text-align: center;\">HOY, M\u00c1S QUE NUNCA HACE FALTA TU AYUDA<\/h2>\n<p>[\/vc_column_text][vc_column_text el_class=&#8221;update-cta-textbox&#8221;]<\/p>\n<p style=\"text-align: center;\">Apoya a United Way de Puerto Rico y tu aportaci\u00f3n llegar\u00e1 segura a quien m\u00e1s lo necesita aqu\u00ed en Puerto Rico. Por solo $9.99 al mes puedes cambiar la vida de alguien. Puedes hacer tu aportaci\u00f3n llamando al 2-1-1 desde Puerto Rico o haciendo click aqu\u00ed. Tu aportaci\u00f3n es 100% deducible de impuestos.<\/p>\n<p>[\/vc_column_text][vc_btn title=&#8221;DONAR&#8221; style=&#8221;flat&#8221; shape=&#8221;square&#8221; color=&#8221;primary&#8221; align=&#8221;center&#8221; el_class=&#8221;pric-standard-button updated-cta-row-btn&#8221; link=&#8221;url:%2Faporta%2F%23formrow&#8221;][\/vc_column_inner][vc_column_inner width=&#8221;1\/6&#8243;][\/vc_column_inner][\/vc_row_inner][\/vc_column][\/vc_row][\/vc_section][vc_row][vc_column]<div class=\"templatera_shortcode\"><section data-vc-full-width=\"true\" data-vc-full-width-init=\"false\" class=\"vc_section\"><div data-vc-full-width=\"true\" data-vc-full-width-init=\"false\" class=\"vc_row wpb_row vc_row-fluid updated-cta-row-full vc_custom_1758145530959 vc_row-has-fill\"><div class=\"updated-cta-row-column wpb_column vc_column_container vc_col-sm-12\"><div class=\"vc_column-inner\"><div class=\"wpb_wrapper\"><\/div><\/div><\/div><\/div><div class=\"vc_row-full-width vc_clearfix\"><\/div><div data-vc-full-width=\"true\" data-vc-full-width-init=\"false\" class=\"vc_row wpb_row vc_row-fluid pushup-cta-row-full vc_custom_1626095430518 vc_row-has-fill\"><div class=\"updated-cta-row-column wpb_column vc_column_container vc_col-sm-12\"><div class=\"vc_column-inner\"><div class=\"wpb_wrapper\"><div class=\"vc_row wpb_row vc_inner vc_row-fluid updated-cta-row-contents vc_custom_1626094984330 vc_row-has-fill\"><div class=\"wpb_column vc_column_container vc_col-sm-2\"><div class=\"vc_column-inner\"><div class=\"wpb_wrapper\"><\/div><\/div><\/div><div class=\"pushup-cta-content-column wpb_column vc_column_container vc_col-sm-8 vc_col-has-fill\"><div class=\"vc_column-inner vc_custom_1626095883081\"><div class=\"wpb_wrapper\">\n\t<div class=\"wpb_text_column wpb_content_element \" >\n\t\t<div class=\"wpb_wrapper\">\n\t\t\t<h2 class=\"cta-overlap-row-heading-singleline\" style=\"text-align: center;\">TODAY, MORE THAN EVER YOUR HELP IS NEEDED<\/h2>\n\n\t\t<\/div>\n\t<\/div>\n\n\t<div class=\"wpb_text_column wpb_content_element  update-cta-textbox\" >\n\t\t<div class=\"wpb_wrapper\">\n\t\t\t<p style=\"text-align: center;\">Support United Way of Puerto Rico and your contribution will arrive safely to those who need it most here in Puerto Rico. For only $20 a month you can change someone\u2019s life. You can make your contribution by calling 2-1-1 from Puerto Rico or by clicking here. Your contribution is 100% tax-deductible.<\/p>\n\n\t\t<\/div>\n\t<\/div>\n<div class=\"vc_btn3-container  pric-standard-button updated-cta-row-btn vc_btn3-center\" ><a class=\"vc_general vc_btn3 vc_btn3-size-md vc_btn3-shape-square vc_btn3-style-flat vc_btn3-color-primary\" href=\"\/en\/donations\/\" title=\"\">DONATE<\/a><\/div><\/div><\/div><\/div><div class=\"wpb_column vc_column_container vc_col-sm-2\"><div class=\"vc_column-inner\"><div class=\"wpb_wrapper\"><\/div><\/div><\/div><\/div><\/div><\/div><\/div><\/div><div class=\"vc_row-full-width vc_clearfix\"><\/div><\/section><div class=\"vc_row-full-width vc_clearfix\"><\/div><\/div>[\/vc_column][\/vc_row]<\/p>\n<\/section>","protected":false},"excerpt":{"rendered":"WOMEN UNITED Women United is composed by women of diverse sectors with different professions to collaborate in positive transformation in the puertorican society. With this movement, United Way of Puerto Rico recognizes the female role in the community impact agenda in the organization and the efforts of fundraising, education and prevention. Their mission is to [...]","protected":false},"author":2,"featured_media":0,"parent":0,"menu_order":0,"comment_status":"closed","ping_status":"closed","template":"","meta":{"give_campaign_id":0,"_monsterinsights_skip_tracking":false,"_monsterinsights_sitenote_active":false,"_monsterinsights_sitenote_note":"","_monsterinsights_sitenote_category":0,"site-sidebar-layout":"no-sidebar","site-content-layout":"plain-container","ast-site-content-layout":"default","site-content-style":"default","site-sidebar-style":"default","ast-global-header-display":"","ast-banner-title-visibility":"","ast-main-header-display":"","ast-hfb-above-header-display":"","ast-hfb-below-header-display":"","ast-hfb-mobile-header-display":"","site-post-title":"disabled","ast-breadcrumbs-content":"","ast-featured-img":"disabled","footer-sml-layout":"","theme-transparent-header-meta":"default","adv-header-id-meta":"","stick-header-meta":"default","header-above-stick-meta":"","header-main-stick-meta":"","header-below-stick-meta":"","astra-migrate-meta-layouts":"default","ast-page-background-enabled":"default","ast-page-background-meta":{"desktop":{"background-color":"","background-image":"","background-repeat":"repeat","background-position":"center center","background-size":"auto","background-attachment":"scroll","background-type":"","background-media":"","overlay-type":"","overlay-color":"","overlay-opacity":"","overlay-gradient":""},"tablet":{"background-color":"","background-image":"","background-repeat":"repeat","background-position":"center center","background-size":"auto","background-attachment":"scroll","background-type":"","background-media":"","overlay-type":"","overlay-color":"","overlay-opacity":"","overlay-gradient":""},"mobile":{"background-color":"","background-image":"","background-repeat":"repeat","background-position":"center center","background-size":"auto","background-attachment":"scroll","background-type":"","background-media":"","overlay-type":"","overlay-color":"","overlay-opacity":"","overlay-gradient":""}},"ast-content-background-meta":{"desktop":{"background-color":"var(--ast-global-color-5)","background-image":"","background-repeat":"repeat","background-position":"center center","background-size":"auto","background-attachment":"scroll","background-type":"","background-media":"","overlay-type":"","overlay-color":"","overlay-opacity":"","overlay-gradient":""},"tablet":{"background-color":"var(--ast-global-color-5)","background-image":"","background-repeat":"repeat","background-position":"center center","background-size":"auto","background-attachment":"scroll","background-type":"","background-media":"","overlay-type":"","overlay-color":"","overlay-opacity":"","overlay-gradient":""},"mobile":{"background-color":"var(--ast-global-color-5)","background-image":"","background-repeat":"repeat","background-position":"center center","background-size":"auto","background-attachment":"scroll","background-type":"","background-media":"","overlay-type":"","overlay-color":"","overlay-opacity":"","overlay-gradient":""}},"footnotes":""},"class_list":["post-2225","page","type-page","status-publish","hentry"],"yoast_head":"<!-- This site is optimized with the Yoast SEO Premium plugin v25.9 (Yoast SEO v25.9) - https:\/\/yoast.com\/wordpress\/plugins\/seo\/ -->\n<title>Women United - United Way de Puerto Rico<\/title>\n<meta name=\"robots\" content=\"index, follow, max-snippet:-1, max-image-preview:large, max-video-preview:-1\" \/>\n<link rel=\"canonical\" href=\"https:\/\/unitedwaypr.org\/en\/women-united\/\" \/>\n<meta property=\"og:locale\" content=\"en_US\" \/>\n<meta property=\"og:type\" content=\"article\" \/>\n<meta property=\"og:title\" content=\"Women United\" \/>\n<meta property=\"og:url\" content=\"https:\/\/unitedwaypr.org\/en\/women-united\/\" \/>\n<meta property=\"og:site_name\" content=\"United Way de Puerto Rico\" \/>\n<meta property=\"article:publisher\" content=\"https:\/\/www.facebook.com\/unitedwaypr\" \/>\n<meta property=\"article:modified_time\" content=\"2022-07-18T17:53:16+00:00\" \/>\n<meta name=\"twitter:card\" content=\"summary_large_image\" \/>\n<meta name=\"twitter:site\" content=\"@unitedwaypr\" \/>\n<meta name=\"twitter:label1\" content=\"Est. reading time\" \/>\n\t<meta name=\"twitter:data1\" content=\"3 minutes\" \/>\n<script type=\"application\/ld+json\" class=\"yoast-schema-graph\">{\"@context\":\"https:\/\/schema.org\",\"@graph\":[{\"@type\":\"WebPage\",\"@id\":\"https:\/\/unitedwaypr.org\/en\/women-united\/\",\"url\":\"https:\/\/unitedwaypr.org\/en\/women-united\/\",\"name\":\"Women United - United Way de Puerto Rico\",\"isPartOf\":{\"@id\":\"https:\/\/unitedwaypr.org\/en\/#website\"},\"datePublished\":\"2021-05-21T14:19:12+00:00\",\"dateModified\":\"2022-07-18T17:53:16+00:00\",\"breadcrumb\":{\"@id\":\"https:\/\/unitedwaypr.org\/en\/women-united\/#breadcrumb\"},\"inLanguage\":\"en-US\",\"potentialAction\":[{\"@type\":\"ReadAction\",\"target\":[\"https:\/\/unitedwaypr.org\/en\/women-united\/\"]}]},{\"@type\":\"BreadcrumbList\",\"@id\":\"https:\/\/unitedwaypr.org\/en\/women-united\/#breadcrumb\",\"itemListElement\":[{\"@type\":\"ListItem\",\"position\":1,\"name\":\"Home\",\"item\":\"https:\/\/unitedwaypr.org\/en\/\"},{\"@type\":\"ListItem\",\"position\":2,\"name\":\"Women United\"}]},{\"@type\":\"WebSite\",\"@id\":\"https:\/\/unitedwaypr.org\/en\/#website\",\"url\":\"https:\/\/unitedwaypr.org\/en\/\",\"name\":\"United Way Puerto Rico\",\"description\":\"\",\"publisher\":{\"@id\":\"https:\/\/unitedwaypr.org\/en\/#organization\"},\"potentialAction\":[{\"@type\":\"SearchAction\",\"target\":{\"@type\":\"EntryPoint\",\"urlTemplate\":\"https:\/\/unitedwaypr.org\/en\/?s={search_term_string}\"},\"query-input\":{\"@type\":\"PropertyValueSpecification\",\"valueRequired\":true,\"valueName\":\"search_term_string\"}}],\"inLanguage\":\"en-US\"},{\"@type\":\"Organization\",\"@id\":\"https:\/\/unitedwaypr.org\/en\/#organization\",\"name\":\"United Way Puerto Rico\",\"url\":\"https:\/\/unitedwaypr.org\/en\/\",\"logo\":{\"@type\":\"ImageObject\",\"inLanguage\":\"en-US\",\"@id\":\"https:\/\/unitedwaypr.org\/en\/#\/schema\/logo\/image\/\",\"url\":\"https:\/\/unitedwaypr.org\/wp-content\/uploads\/2024\/11\/UWPR-brand-header-Logo.svg\",\"contentUrl\":\"https:\/\/unitedwaypr.org\/wp-content\/uploads\/2024\/11\/UWPR-brand-header-Logo.svg\",\"caption\":\"United Way Puerto Rico\"},\"image\":{\"@id\":\"https:\/\/unitedwaypr.org\/en\/#\/schema\/logo\/image\/\"},\"sameAs\":[\"https:\/\/www.facebook.com\/unitedwaypr\",\"https:\/\/x.com\/unitedwaypr\",\"https:\/\/www.instagram.com\/unitedwaypr\"]}]}<\/script>\n<!-- \/ Yoast SEO Premium plugin. -->","yoast_head_json":{"title":"Women United - United Way de Puerto Rico","robots":{"index":"index","follow":"follow","max-snippet":"max-snippet:-1","max-image-preview":"max-image-preview:large","max-video-preview":"max-video-preview:-1"},"canonical":"https:\/\/unitedwaypr.org\/en\/women-united\/","og_locale":"en_US","og_type":"article","og_title":"Women United","og_url":"https:\/\/unitedwaypr.org\/en\/women-united\/","og_site_name":"United Way de Puerto Rico","article_publisher":"https:\/\/www.facebook.com\/unitedwaypr","article_modified_time":"2022-07-18T17:53:16+00:00","twitter_card":"summary_large_image","twitter_site":"@unitedwaypr","twitter_misc":{"Est. reading time":"3 minutes"},"schema":{"@context":"https:\/\/schema.org","@graph":[{"@type":"WebPage","@id":"https:\/\/unitedwaypr.org\/en\/women-united\/","url":"https:\/\/unitedwaypr.org\/en\/women-united\/","name":"Women United - United Way de Puerto Rico","isPartOf":{"@id":"https:\/\/unitedwaypr.org\/en\/#website"},"datePublished":"2021-05-21T14:19:12+00:00","dateModified":"2022-07-18T17:53:16+00:00","breadcrumb":{"@id":"https:\/\/unitedwaypr.org\/en\/women-united\/#breadcrumb"},"inLanguage":"en-US","potentialAction":[{"@type":"ReadAction","target":["https:\/\/unitedwaypr.org\/en\/women-united\/"]}]},{"@type":"BreadcrumbList","@id":"https:\/\/unitedwaypr.org\/en\/women-united\/#breadcrumb","itemListElement":[{"@type":"ListItem","position":1,"name":"Home","item":"https:\/\/unitedwaypr.org\/en\/"},{"@type":"ListItem","position":2,"name":"Women United"}]},{"@type":"WebSite","@id":"https:\/\/unitedwaypr.org\/en\/#website","url":"https:\/\/unitedwaypr.org\/en\/","name":"United Way Puerto Rico","description":"","publisher":{"@id":"https:\/\/unitedwaypr.org\/en\/#organization"},"potentialAction":[{"@type":"SearchAction","target":{"@type":"EntryPoint","urlTemplate":"https:\/\/unitedwaypr.org\/en\/?s={search_term_string}"},"query-input":{"@type":"PropertyValueSpecification","valueRequired":true,"valueName":"search_term_string"}}],"inLanguage":"en-US"},{"@type":"Organization","@id":"https:\/\/unitedwaypr.org\/en\/#organization","name":"United Way Puerto Rico","url":"https:\/\/unitedwaypr.org\/en\/","logo":{"@type":"ImageObject","inLanguage":"en-US","@id":"https:\/\/unitedwaypr.org\/en\/#\/schema\/logo\/image\/","url":"https:\/\/unitedwaypr.org\/wp-content\/uploads\/2024\/11\/UWPR-brand-header-Logo.svg","contentUrl":"https:\/\/unitedwaypr.org\/wp-content\/uploads\/2024\/11\/UWPR-brand-header-Logo.svg","caption":"United Way Puerto Rico"},"image":{"@id":"https:\/\/unitedwaypr.org\/en\/#\/schema\/logo\/image\/"},"sameAs":["https:\/\/www.facebook.com\/unitedwaypr","https:\/\/x.com\/unitedwaypr","https:\/\/www.instagram.com\/unitedwaypr"]}]}},"campaignId":"","_links":{"self":[{"href":"https:\/\/unitedwaypr.org\/en\/wp-json\/wp\/v2\/pages\/2225","targetHints":{"allow":["GET"]}}],"collection":[{"href":"https:\/\/unitedwaypr.org\/en\/wp-json\/wp\/v2\/pages"}],"about":[{"href":"https:\/\/unitedwaypr.org\/en\/wp-json\/wp\/v2\/types\/page"}],"author":[{"embeddable":true,"href":"https:\/\/unitedwaypr.org\/en\/wp-json\/wp\/v2\/users\/2"}],"replies":[{"embeddable":true,"href":"https:\/\/unitedwaypr.org\/en\/wp-json\/wp\/v2\/comments?post=2225"}],"version-history":[{"count":0,"href":"https:\/\/unitedwaypr.org\/en\/wp-json\/wp\/v2\/pages\/2225\/revisions"}],"wp:attachment":[{"href":"https:\/\/unitedwaypr.org\/en\/wp-json\/wp\/v2\/media?parent=2225"}],"curies":[{"name":"wp","href":"https:\/\/api.w.org\/{rel}","templated":true}]}}