{"id":2190,"date":"2021-05-19T15:54:41","date_gmt":"2021-05-19T19:54:41","guid":{"rendered":"https:\/\/unitedwaypr.org\/junta-de-gobernadores\/"},"modified":"2025-11-20T14:03:10","modified_gmt":"2025-11-20T18:03:10","slug":"board-of-governors","status":"publish","type":"page","link":"https:\/\/unitedwaypr.org\/en\/board-of-governors\/","title":{"rendered":"Board of Governors"},"content":{"rendered":"<section class=\"wpb-content-wrapper\"><p>[vc_section css=&#8221;.vc_custom_1621272086497{background-position: center !important;background-repeat: no-repeat !important;background-size: cover !important;}&#8221;][vc_row][vc_column][vc_empty_space][\/vc_column][\/vc_row][vc_row full_width=&#8221;stretch_row&#8221;][vc_column width=&#8221;1\/6&#8243;][\/vc_column][vc_column width=&#8221;2\/3&#8243;][vc_column_text]<\/p>\n<h1 class=\"page-title-blue-box-lrger\" style=\"text-align: center;\">BOARD OF GOVERNORS 2025-28<\/h1>\n<p>[\/vc_column_text][\/vc_column][vc_column width=&#8221;1\/6&#8243;][\/vc_column][\/vc_row][\/vc_section][vc_section full_width=&#8221;stretch_row&#8221; css=&#8221;.vc_custom_1621272984818{margin-top: -34px !important;}&#8221;][vc_row][vc_column][vc_empty_space height=&#8221;35px&#8221;][vc_single_image image=&#8221;5432&#8243; img_size=&#8221;full&#8221; alignment=&#8221;center&#8221;][vc_empty_space][\/vc_column][\/vc_row][\/vc_section][vc_section full_width=&#8221;stretch_row&#8221; css=&#8221;.vc_custom_1621272984818{margin-top: -34px !important;}&#8221;][vc_row][vc_column][vc_empty_space][vc_column_text]<\/p>\n<h2 style=\"text-align: center;\">Officials<\/h2>\n<p>[\/vc_column_text][vc_empty_space][\/vc_column][\/vc_row][vc_row][vc_column width=&#8221;1\/2&#8243;][vc_row_inner][vc_column_inner width=&#8221;1\/2&#8243;][vc_column_text el_class=&#8221;title-oficiales&#8221;]<\/p>\n<h3>President of the Board:<\/h3>\n<p>[\/vc_column_text][\/vc_column_inner][vc_column_inner width=&#8221;1\/2&#8243;][vc_column_text el_class=&#8221;names-oficiales&#8221;]<\/p>\n<h3>Manuel S\u00e1nchez-Sierra*<\/h3>\n<p>MLS Consulting LLC<br \/>\nSan Juan, PR[\/vc_column_text][\/vc_column_inner][\/vc_row_inner][\/vc_column][vc_column width=&#8221;1\/2&#8243;][vc_row_inner][vc_column_inner width=&#8221;1\/2&#8243;][vc_column_text el_class=&#8221;title-oficiales&#8221;]<\/p>\n<h3>President of Executive Committee:<\/h3>\n<p>[\/vc_column_text][\/vc_column_inner][vc_column_inner width=&#8221;1\/2&#8243;][vc_column_text el_class=&#8221;names-oficiales&#8221;]<\/p>\n<h3>Dra. Yasm\u00edn Pedrogo<\/h3>\n<p>Professor, Dept. of Pediatrics<br \/>\nSchool of Medical Sciences, UPR<br \/>\nSan Juan, PR[\/vc_column_text][\/vc_column_inner][\/vc_row_inner][\/vc_column][\/vc_row][vc_row][vc_column width=&#8221;1\/2&#8243;][vc_row_inner][vc_column_inner width=&#8221;1\/2&#8243;][vc_column_text el_class=&#8221;title-oficiales&#8221;]<\/p>\n<h3>Treasurer:<\/h3>\n<p>[\/vc_column_text][\/vc_column_inner][vc_column_inner width=&#8221;1\/2&#8243;][vc_column_text el_class=&#8221;names-oficiales&#8221;]<\/p>\n<h3><span lang=\"es-419\" data-olk-copy-source=\"MessageBody\">CPA Coralis M\u00e1rquez<\/span><\/h3>\n<p>Col\u00f3n Jim\u00e9nez &amp; Asociados, CSP<\/p>\n<p>San Juan, PR[\/vc_column_text][\/vc_column_inner][\/vc_row_inner][\/vc_column][vc_column width=&#8221;1\/2&#8243;][vc_row_inner][vc_column_inner width=&#8221;1\/2&#8243;][vc_column_text el_class=&#8221;title-oficiales&#8221;]<\/p>\n<h3>Secretary:<\/h3>\n<p>[\/vc_column_text][\/vc_column_inner][vc_column_inner width=&#8221;1\/2&#8243;][vc_column_text el_class=&#8221;names-oficiales&#8221;]<\/p>\n<h3>Lcda. Giselle Mart\u00ednez*<\/h3>\n<p>Senior Associate<br \/>\nCancio, Nadal &amp; Rivera, L.L.C.<br \/>\nSan Juan, PR[\/vc_column_text][\/vc_column_inner][\/vc_row_inner][\/vc_column][\/vc_row][vc_row][vc_column width=&#8221;1\/2&#8243;][vc_row_inner][vc_column_inner width=&#8221;1\/2&#8243;][vc_column_text el_class=&#8221;title-oficiales&#8221;]<\/p>\n<h3>President:<\/h3>\n<p>[\/vc_column_text][\/vc_column_inner][vc_column_inner width=&#8221;1\/2&#8243;][vc_column_text el_class=&#8221;names-oficiales&#8221;]<\/p>\n<h3>Dr. Glorymar Rivera B\u00e1ez*<\/h3>\n<p>President and Chief Executive Officer<br \/>\nUnited Way de Puerto Rico<br \/>\nSan Juan, PR[\/vc_column_text][\/vc_column_inner][\/vc_row_inner][\/vc_column][vc_column width=&#8221;1\/2&#8243;][\/vc_column][\/vc_row][vc_row][vc_column][vc_empty_space height=&#8221;62px&#8221;][\/vc_column][\/vc_row][\/vc_section][vc_section full_width=&#8221;stretch_row&#8221; css=&#8221;.vc_custom_1621272984818{margin-top: -34px !important;}&#8221;][vc_row][vc_column][vc_empty_space][vc_column_text]<\/p>\n<h2 style=\"text-align: center;\">Board Members<\/h2>\n<p>[\/vc_column_text][vc_empty_space][vc_row_inner][vc_column_inner width=&#8221;1\/4&#8243;][vc_column_text]<\/p>\n<ul>\n<li><strong>Juan Mario \u00c1lvarez<\/strong><br \/>\nVoluntario<br \/>\nGuaynabo, PR<\/li>\n<li><strong>Eustaquio Babilonia<\/strong><br \/>\nVoluntario<br \/>\nSan Juan, PR<\/li>\n<li><strong>CPA Marc Bjorkman<\/strong><br \/>\nSocio Administrador<br \/>\nDeloitte &amp; Touche<br \/>\nSan Juan, PR<\/li>\n<li><strong>Jos\u00e9 J. Borges<\/strong><br \/>\nGerente General<br \/>\nMass Mutual Financial<br \/>\nSan Juan, PR<\/li>\n<li><strong>Lcda. Marta R. Candelas<\/strong><br \/>\nVP Gov. Non-Gov Org &amp; Regulatory Affairs<br \/>\nGrupo Navis, LLC<br \/>\nSan Juan, PR<\/li>\n<li><strong>Lcdo. Graham Castillo<\/strong><br \/>\nPresidente y COO<br \/>\nEstudios T\u00e9cnicos, Inc.<br \/>\nSan Juan, PR<\/li>\n<li><strong>Lcdo. Jos\u00e9 R. Del Valle<\/strong><br \/>\nSenior HR Director<br \/>\nCoca-Cola PR Bottlers<br \/>\nToa Baja, PR<\/li>\n<li><strong>Alicia Echevarr\u00eda<\/strong><br \/>\nVoluntaria<br \/>\nGuaynabo, PR<\/li>\n<li><strong>Jaime Figueroa<\/strong><br \/>\nPresidente<br \/>\nPharmPix Corp.<br \/>\nGuaynabo, PR<\/li>\n<li><strong>Diana Flores<\/strong><br \/>\nDirectora Recursos Humanos<br \/>\nAmgen<br \/>\nJuncos, PR<\/li>\n<\/ul>\n<p>[\/vc_column_text][\/vc_column_inner][vc_column_inner el_class=&#8221;mobile-pushup-column&#8221; width=&#8221;1\/4&#8243;][vc_column_text]<\/p>\n<ul>\n<li><strong>Lori Ann Frontera<\/strong><br \/>\nDirectora de Recursos Humanos<br \/>\nViatris<br \/>\nVega Baja, PR<\/li>\n<li><strong>Jonathan Garc\u00eda<\/strong><br \/>\nVicepresidente Ventas y Mercadeo<br \/>\nWAPA-TV<br \/>\nGuaynabo, PR<\/li>\n<li><strong>Lcda. Mar\u00eda Elena Gonz\u00e1lez Calder\u00f3n<\/strong><br \/>\nAttorney of Counsel<br \/>\nFerraiuoli, LLC<br \/>\nSan Juan, PR<\/li>\n<li><strong>Paul T. Hargen<\/strong><br \/>\nVoluntario<br \/>\nAguadilla, PR<\/li>\n<li><strong>CPA Jorge Hern\u00e1ndez<\/strong><br \/>\nChief Executive Officer<br \/>\nAerostar Airport Holdings<br \/>\nCarolina, PR<\/li>\n<li><strong>Artur Jotic<\/strong><br \/>\nPresidente<br \/>\nInternational Restaurants Service<br \/>\nGuaynabo, PR<\/li>\n<li><strong>Ing. Lymarie Lebr\u00f3n<\/strong><br \/>\nSenior Strategic Manager<br \/>\nJohnson &amp; Johnson, Inc.<\/li>\n<li><strong>Luis R. Mart\u00ed<\/strong><br \/>\nVoluntario<br \/>\nSan Juan, PR<\/li>\n<li><strong>CPA Roberto J. Mart\u00ednez Santiago<\/strong><br \/>\nChief Financial Officer<br \/>\nUniversal Group<br \/>\nSan Juan, PR<\/li>\n<\/ul>\n<p>[\/vc_column_text][\/vc_column_inner][vc_column_inner el_class=&#8221;mobile-pushup-column&#8221; width=&#8221;1\/4&#8243;][vc_column_text]<\/p>\n<ul>\n<li><strong>Manuel M. Matosantos<\/strong><br \/>\nVoluntario<br \/>\nDorado, PR<\/li>\n<li><strong>Emely Y. Medina<\/strong><br \/>\nOperations Development Manager<br \/>\nBacard\u00ed<br \/>\nCata\u00f1o, PR<\/li>\n<li><strong>Carlos J. Morell<\/strong><br \/>\nPresidente<br \/>\nBurger King Puerto Rico<br \/>\nCata\u00f1o, PR<\/li>\n<li><strong>CPA Rafael Nieves<\/strong><br \/>\nAudit Partner<br \/>\nGal\u00edndez, LLC<br \/>\nSan Juan, PR<\/li>\n<li><strong>Jos\u00e9 F. Oramas<\/strong><br \/>\nCountry Manager<br \/>\nUPS<br \/>\nCarolina, PR<\/li>\n<li><strong>Ada L. Reyes<\/strong><br \/>\nGerente de Recursos Humanos<br \/>\nSupermercados M\u00e1ximo, Inc.<br \/>\nSan Juan, PR<\/li>\n<li><strong>CPA Jorge I. Rivera<\/strong><br \/>\nVicepresidente Administraci\u00f3n y Contralor<br \/>\nV. Su\u00e1rez &amp; Co.<br \/>\nSan Juan, PR<\/li>\n<li><strong>CPA Nayda Rivera Batista<\/strong><br \/>\nEVP &amp; Chief Risk Officer<br \/>\nFirst Bancorp<br \/>\nSan Juan, PR<\/li>\n<li><strong>Dra. Annette M. Rodr\u00edguez<\/strong><br \/>\nCommunications &amp; Public Affairs Manager<br \/>\nAbbVie Corp.<br \/>\nSan Juan, PR<\/li>\n<\/ul>\n<p>[\/vc_column_text][\/vc_column_inner][vc_column_inner el_class=&#8221;mobile-pushup-column&#8221; width=&#8221;1\/4&#8243;][vc_column_text]<\/p>\n<ul>\n<li><strong>Carlos Pepe Rodr\u00edguez<\/strong><br \/>\nPresidente<br \/>\nLopito, Ileana &amp; Howie<br \/>\nSan Juan, PR<\/li>\n<li><strong>Jescel M. Rol\u00f3n<\/strong><br \/>\nDirectora de Relaciones P\u00fablicas<br \/>\nGoya de Puerto Rico<br \/>\nBayam\u00f3n, PR<\/li>\n<li><strong>Humberto Rovira<\/strong><br \/>\nPresidente<br \/>\nEncanto Restaurants<br \/>\nSan Juan<\/li>\n<li><strong>Anthony Ruiz<\/strong><br \/>\nDirector de Finanzas y Filantrop\u00eda<br \/>\nMedtronic<br \/>\nJuncos, PR<\/li>\n<li><strong>CPA Agnes Su\u00e1rez<\/strong><br \/>\nVoluntaria<br \/>\nSan Juan, PR<\/li>\n<li><strong>Vivian J. V\u00e1zquez<\/strong><br \/>\nCommercial Excellence Manager<br \/>\nAbbott Nutrition \u2013 Abbott Laboratories<br \/>\nSan Juan, PR<\/li>\n<li><strong>CPA Miguel R. Venta<\/strong><br \/>\nVoluntario<br \/>\nSan Juan, PR<\/li>\n<li><strong>Audrey Zamot<\/strong><br \/>\nDirectora de Recursos Humanos<br \/>\nEdwards Lifesciences<br \/>\nA\u00f1asco, PR<\/li>\n<\/ul>\n<p>[\/vc_column_text][\/vc_column_inner][\/vc_row_inner][vc_row_inner][vc_column_inner][vc_empty_space height=&#8221;12px&#8221;][vc_column_text]<\/p>\n<p style=\"text-align: center;\"><em>* Members of the Executive Committee<\/em><\/p>\n<p>[\/vc_column_text][\/vc_column_inner][\/vc_row_inner][\/vc_column][\/vc_row][vc_row][vc_column][vc_empty_space height=&#8221;62px&#8221;][\/vc_column][\/vc_row][\/vc_section]<\/p>\n<\/section>","protected":false},"excerpt":{"rendered":"<p>[vc_section css=&#8221;.vc_custom_1621272086497{background-position: center !important;background-repeat: no-repeat !important;background-size: cover !important;}&#8221;][vc_row][vc_column][vc_empty_space][\/vc_column][\/vc_row][vc_row full_width=&#8221;stretch_row&#8221;][vc_column width=&#8221;1\/6&#8243;][\/vc_column][vc_column width=&#8221;2\/3&#8243;][vc_column_text] BOARD OF GOVERNORS 2025-28 [\/vc_column_text][\/vc_column][vc_column width=&#8221;1\/6&#8243;][\/vc_column][\/vc_row][\/vc_section][vc_section full_width=&#8221;stretch_row&#8221; css=&#8221;.vc_custom_1621272984818{margin-top: -34px !important;}&#8221;][vc_row][vc_column][vc_empty_space height=&#8221;35px&#8221;][vc_single_image image=&#8221;5432&#8243; img_size=&#8221;full&#8221; alignment=&#8221;center&#8221;][vc_empty_space][\/vc_column][\/vc_row][\/vc_section][vc_section full_width=&#8221;stretch_row&#8221; css=&#8221;.vc_custom_1621272984818{margin-top: -34px !important;}&#8221;][vc_row][vc_column][vc_empty_space][vc_column_text] Officials [\/vc_column_text][vc_empty_space][\/vc_column][\/vc_row][vc_row][vc_column width=&#8221;1\/2&#8243;][vc_row_inner][vc_column_inner width=&#8221;1\/2&#8243;][vc_column_text el_class=&#8221;title-oficiales&#8221;] President of the Board: [\/vc_column_text][\/vc_column_inner][vc_column_inner width=&#8221;1\/2&#8243;][vc_column_text el_class=&#8221;names-oficiales&#8221;] Manuel S\u00e1nchez-Sierra* MLS Consulting LLC San Juan, PR[\/vc_column_text][\/vc_column_inner][\/vc_row_inner][\/vc_column][vc_column width=&#8221;1\/2&#8243;][vc_row_inner][vc_column_inner width=&#8221;1\/2&#8243;][vc_column_text el_class=&#8221;title-oficiales&#8221;] President of Executive [&hellip;]<\/p>\n","protected":false},"author":2,"featured_media":0,"parent":0,"menu_order":0,"comment_status":"closed","ping_status":"closed","template":"","meta":{"give_campaign_id":0,"_monsterinsights_skip_tracking":false,"_monsterinsights_sitenote_active":false,"_monsterinsights_sitenote_note":"","_monsterinsights_sitenote_category":0,"site-sidebar-layout":"no-sidebar","site-content-layout":"plain-container","ast-site-content-layout":"normal-width-container","site-content-style":"unboxed","site-sidebar-style":"unboxed","ast-global-header-display":"","ast-banner-title-visibility":"","ast-main-header-display":"","ast-hfb-above-header-display":"","ast-hfb-below-header-display":"","ast-hfb-mobile-header-display":"","site-post-title":"disabled","ast-breadcrumbs-content":"","ast-featured-img":"disabled","footer-sml-layout":"","theme-transparent-header-meta":"default","adv-header-id-meta":"","stick-header-meta":"default","header-above-stick-meta":"","header-main-stick-meta":"","header-below-stick-meta":"","astra-migrate-meta-layouts":"set","ast-page-background-enabled":"default","ast-page-background-meta":{"desktop":{"background-color":"","background-image":"","background-repeat":"repeat","background-position":"center center","background-size":"auto","background-attachment":"scroll","background-type":"","background-media":"","overlay-type":"","overlay-color":"","overlay-opacity":"","overlay-gradient":""},"tablet":{"background-color":"","background-image":"","background-repeat":"repeat","background-position":"center center","background-size":"auto","background-attachment":"scroll","background-type":"","background-media":"","overlay-type":"","overlay-color":"","overlay-opacity":"","overlay-gradient":""},"mobile":{"background-color":"","background-image":"","background-repeat":"repeat","background-position":"center center","background-size":"auto","background-attachment":"scroll","background-type":"","background-media":"","overlay-type":"","overlay-color":"","overlay-opacity":"","overlay-gradient":""}},"ast-content-background-meta":{"desktop":{"background-color":"var(--ast-global-color-5)","background-image":"","background-repeat":"repeat","background-position":"center center","background-size":"auto","background-attachment":"scroll","background-type":"","background-media":"","overlay-type":"","overlay-color":"","overlay-opacity":"","overlay-gradient":""},"tablet":{"background-color":"var(--ast-global-color-5)","background-image":"","background-repeat":"repeat","background-position":"center center","background-size":"auto","background-attachment":"scroll","background-type":"","background-media":"","overlay-type":"","overlay-color":"","overlay-opacity":"","overlay-gradient":""},"mobile":{"background-color":"var(--ast-global-color-5)","background-image":"","background-repeat":"repeat","background-position":"center center","background-size":"auto","background-attachment":"scroll","background-type":"","background-media":"","overlay-type":"","overlay-color":"","overlay-opacity":"","overlay-gradient":""}},"footnotes":""},"class_list":["post-2190","page","type-page","status-publish","hentry"],"yoast_head":"<!-- This site is optimized with the Yoast SEO Premium plugin v25.9 (Yoast SEO v25.9) - https:\/\/yoast.com\/wordpress\/plugins\/seo\/ -->\n<title>Board of Governors - United Way de Puerto Rico<\/title>\n<meta name=\"robots\" content=\"index, follow, max-snippet:-1, max-image-preview:large, max-video-preview:-1\" \/>\n<link rel=\"canonical\" href=\"https:\/\/unitedwaypr.org\/en\/board-of-governors\/\" \/>\n<meta property=\"og:locale\" content=\"en_US\" \/>\n<meta property=\"og:type\" content=\"article\" \/>\n<meta property=\"og:title\" content=\"Board of Governors\" \/>\n<meta property=\"og:description\" content=\"[vc_section css=&#8221;.vc_custom_1621272086497{background-position: center !important;background-repeat: no-repeat !important;background-size: cover !important;}&#8221;][vc_row][vc_column][vc_empty_space][\/vc_column][\/vc_row][vc_row full_width=&#8221;stretch_row&#8221;][vc_column width=&#8221;1\/6&#8243;][\/vc_column][vc_column width=&#8221;2\/3&#8243;][vc_column_text] BOARD OF GOVERNORS 2025-28 [\/vc_column_text][\/vc_column][vc_column width=&#8221;1\/6&#8243;][\/vc_column][\/vc_row][\/vc_section][vc_section full_width=&#8221;stretch_row&#8221; css=&#8221;.vc_custom_1621272984818{margin-top: -34px !important;}&#8221;][vc_row][vc_column][vc_empty_space height=&#8221;35px&#8221;][vc_single_image image=&#8221;5432&#8243; img_size=&#8221;full&#8221; alignment=&#8221;center&#8221;][vc_empty_space][\/vc_column][\/vc_row][\/vc_section][vc_section full_width=&#8221;stretch_row&#8221; css=&#8221;.vc_custom_1621272984818{margin-top: -34px !important;}&#8221;][vc_row][vc_column][vc_empty_space][vc_column_text] Officials [\/vc_column_text][vc_empty_space][\/vc_column][\/vc_row][vc_row][vc_column width=&#8221;1\/2&#8243;][vc_row_inner][vc_column_inner width=&#8221;1\/2&#8243;][vc_column_text el_class=&#8221;title-oficiales&#8221;] President of the Board: [\/vc_column_text][\/vc_column_inner][vc_column_inner width=&#8221;1\/2&#8243;][vc_column_text el_class=&#8221;names-oficiales&#8221;] Manuel S\u00e1nchez-Sierra* MLS Consulting LLC San Juan, PR[\/vc_column_text][\/vc_column_inner][\/vc_row_inner][\/vc_column][vc_column width=&#8221;1\/2&#8243;][vc_row_inner][vc_column_inner width=&#8221;1\/2&#8243;][vc_column_text el_class=&#8221;title-oficiales&#8221;] President of Executive [&hellip;]\" \/>\n<meta property=\"og:url\" content=\"https:\/\/unitedwaypr.org\/en\/board-of-governors\/\" \/>\n<meta property=\"og:site_name\" content=\"United Way de Puerto Rico\" \/>\n<meta property=\"article:publisher\" content=\"https:\/\/www.facebook.com\/unitedwaypr\" \/>\n<meta property=\"article:modified_time\" content=\"2025-11-20T18:03:10+00:00\" \/>\n<meta name=\"twitter:card\" content=\"summary_large_image\" \/>\n<meta name=\"twitter:site\" content=\"@unitedwaypr\" \/>\n<meta name=\"twitter:label1\" content=\"Est. reading time\" \/>\n\t<meta name=\"twitter:data1\" content=\"3 minutes\" \/>\n<script type=\"application\/ld+json\" class=\"yoast-schema-graph\">{\"@context\":\"https:\/\/schema.org\",\"@graph\":[{\"@type\":\"WebPage\",\"@id\":\"https:\/\/unitedwaypr.org\/en\/board-of-governors\/\",\"url\":\"https:\/\/unitedwaypr.org\/en\/board-of-governors\/\",\"name\":\"Board of Governors - United Way de Puerto Rico\",\"isPartOf\":{\"@id\":\"https:\/\/unitedwaypr.org\/en\/#website\"},\"datePublished\":\"2021-05-19T19:54:41+00:00\",\"dateModified\":\"2025-11-20T18:03:10+00:00\",\"breadcrumb\":{\"@id\":\"https:\/\/unitedwaypr.org\/en\/board-of-governors\/#breadcrumb\"},\"inLanguage\":\"en-US\",\"potentialAction\":[{\"@type\":\"ReadAction\",\"target\":[\"https:\/\/unitedwaypr.org\/en\/board-of-governors\/\"]}]},{\"@type\":\"BreadcrumbList\",\"@id\":\"https:\/\/unitedwaypr.org\/en\/board-of-governors\/#breadcrumb\",\"itemListElement\":[{\"@type\":\"ListItem\",\"position\":1,\"name\":\"Home\",\"item\":\"https:\/\/unitedwaypr.org\/en\/\"},{\"@type\":\"ListItem\",\"position\":2,\"name\":\"Board of Governors\"}]},{\"@type\":\"WebSite\",\"@id\":\"https:\/\/unitedwaypr.org\/en\/#website\",\"url\":\"https:\/\/unitedwaypr.org\/en\/\",\"name\":\"United Way Puerto Rico\",\"description\":\"\",\"publisher\":{\"@id\":\"https:\/\/unitedwaypr.org\/en\/#organization\"},\"potentialAction\":[{\"@type\":\"SearchAction\",\"target\":{\"@type\":\"EntryPoint\",\"urlTemplate\":\"https:\/\/unitedwaypr.org\/en\/?s={search_term_string}\"},\"query-input\":{\"@type\":\"PropertyValueSpecification\",\"valueRequired\":true,\"valueName\":\"search_term_string\"}}],\"inLanguage\":\"en-US\"},{\"@type\":\"Organization\",\"@id\":\"https:\/\/unitedwaypr.org\/en\/#organization\",\"name\":\"United Way Puerto Rico\",\"url\":\"https:\/\/unitedwaypr.org\/en\/\",\"logo\":{\"@type\":\"ImageObject\",\"inLanguage\":\"en-US\",\"@id\":\"https:\/\/unitedwaypr.org\/en\/#\/schema\/logo\/image\/\",\"url\":\"https:\/\/unitedwaypr.org\/wp-content\/uploads\/2024\/11\/UWPR-brand-header-Logo.svg\",\"contentUrl\":\"https:\/\/unitedwaypr.org\/wp-content\/uploads\/2024\/11\/UWPR-brand-header-Logo.svg\",\"caption\":\"United Way Puerto Rico\"},\"image\":{\"@id\":\"https:\/\/unitedwaypr.org\/en\/#\/schema\/logo\/image\/\"},\"sameAs\":[\"https:\/\/www.facebook.com\/unitedwaypr\",\"https:\/\/x.com\/unitedwaypr\",\"https:\/\/www.instagram.com\/unitedwaypr\"]}]}<\/script>\n<!-- \/ Yoast SEO Premium plugin. -->","yoast_head_json":{"title":"Board of Governors - United Way de Puerto Rico","robots":{"index":"index","follow":"follow","max-snippet":"max-snippet:-1","max-image-preview":"max-image-preview:large","max-video-preview":"max-video-preview:-1"},"canonical":"https:\/\/unitedwaypr.org\/en\/board-of-governors\/","og_locale":"en_US","og_type":"article","og_title":"Board of Governors","og_description":"[vc_section css=&#8221;.vc_custom_1621272086497{background-position: center !important;background-repeat: no-repeat !important;background-size: cover !important;}&#8221;][vc_row][vc_column][vc_empty_space][\/vc_column][\/vc_row][vc_row full_width=&#8221;stretch_row&#8221;][vc_column width=&#8221;1\/6&#8243;][\/vc_column][vc_column width=&#8221;2\/3&#8243;][vc_column_text] BOARD OF GOVERNORS 2025-28 [\/vc_column_text][\/vc_column][vc_column width=&#8221;1\/6&#8243;][\/vc_column][\/vc_row][\/vc_section][vc_section full_width=&#8221;stretch_row&#8221; css=&#8221;.vc_custom_1621272984818{margin-top: -34px !important;}&#8221;][vc_row][vc_column][vc_empty_space height=&#8221;35px&#8221;][vc_single_image image=&#8221;5432&#8243; img_size=&#8221;full&#8221; alignment=&#8221;center&#8221;][vc_empty_space][\/vc_column][\/vc_row][\/vc_section][vc_section full_width=&#8221;stretch_row&#8221; css=&#8221;.vc_custom_1621272984818{margin-top: -34px !important;}&#8221;][vc_row][vc_column][vc_empty_space][vc_column_text] Officials [\/vc_column_text][vc_empty_space][\/vc_column][\/vc_row][vc_row][vc_column width=&#8221;1\/2&#8243;][vc_row_inner][vc_column_inner width=&#8221;1\/2&#8243;][vc_column_text el_class=&#8221;title-oficiales&#8221;] President of the Board: [\/vc_column_text][\/vc_column_inner][vc_column_inner width=&#8221;1\/2&#8243;][vc_column_text el_class=&#8221;names-oficiales&#8221;] Manuel S\u00e1nchez-Sierra* MLS Consulting LLC San Juan, PR[\/vc_column_text][\/vc_column_inner][\/vc_row_inner][\/vc_column][vc_column width=&#8221;1\/2&#8243;][vc_row_inner][vc_column_inner width=&#8221;1\/2&#8243;][vc_column_text el_class=&#8221;title-oficiales&#8221;] President of Executive [&hellip;]","og_url":"https:\/\/unitedwaypr.org\/en\/board-of-governors\/","og_site_name":"United Way de Puerto Rico","article_publisher":"https:\/\/www.facebook.com\/unitedwaypr","article_modified_time":"2025-11-20T18:03:10+00:00","twitter_card":"summary_large_image","twitter_site":"@unitedwaypr","twitter_misc":{"Est. reading time":"3 minutes"},"schema":{"@context":"https:\/\/schema.org","@graph":[{"@type":"WebPage","@id":"https:\/\/unitedwaypr.org\/en\/board-of-governors\/","url":"https:\/\/unitedwaypr.org\/en\/board-of-governors\/","name":"Board of Governors - United Way de Puerto Rico","isPartOf":{"@id":"https:\/\/unitedwaypr.org\/en\/#website"},"datePublished":"2021-05-19T19:54:41+00:00","dateModified":"2025-11-20T18:03:10+00:00","breadcrumb":{"@id":"https:\/\/unitedwaypr.org\/en\/board-of-governors\/#breadcrumb"},"inLanguage":"en-US","potentialAction":[{"@type":"ReadAction","target":["https:\/\/unitedwaypr.org\/en\/board-of-governors\/"]}]},{"@type":"BreadcrumbList","@id":"https:\/\/unitedwaypr.org\/en\/board-of-governors\/#breadcrumb","itemListElement":[{"@type":"ListItem","position":1,"name":"Home","item":"https:\/\/unitedwaypr.org\/en\/"},{"@type":"ListItem","position":2,"name":"Board of Governors"}]},{"@type":"WebSite","@id":"https:\/\/unitedwaypr.org\/en\/#website","url":"https:\/\/unitedwaypr.org\/en\/","name":"United Way Puerto Rico","description":"","publisher":{"@id":"https:\/\/unitedwaypr.org\/en\/#organization"},"potentialAction":[{"@type":"SearchAction","target":{"@type":"EntryPoint","urlTemplate":"https:\/\/unitedwaypr.org\/en\/?s={search_term_string}"},"query-input":{"@type":"PropertyValueSpecification","valueRequired":true,"valueName":"search_term_string"}}],"inLanguage":"en-US"},{"@type":"Organization","@id":"https:\/\/unitedwaypr.org\/en\/#organization","name":"United Way Puerto Rico","url":"https:\/\/unitedwaypr.org\/en\/","logo":{"@type":"ImageObject","inLanguage":"en-US","@id":"https:\/\/unitedwaypr.org\/en\/#\/schema\/logo\/image\/","url":"https:\/\/unitedwaypr.org\/wp-content\/uploads\/2024\/11\/UWPR-brand-header-Logo.svg","contentUrl":"https:\/\/unitedwaypr.org\/wp-content\/uploads\/2024\/11\/UWPR-brand-header-Logo.svg","caption":"United Way Puerto Rico"},"image":{"@id":"https:\/\/unitedwaypr.org\/en\/#\/schema\/logo\/image\/"},"sameAs":["https:\/\/www.facebook.com\/unitedwaypr","https:\/\/x.com\/unitedwaypr","https:\/\/www.instagram.com\/unitedwaypr"]}]}},"campaignId":"","_links":{"self":[{"href":"https:\/\/unitedwaypr.org\/en\/wp-json\/wp\/v2\/pages\/2190","targetHints":{"allow":["GET"]}}],"collection":[{"href":"https:\/\/unitedwaypr.org\/en\/wp-json\/wp\/v2\/pages"}],"about":[{"href":"https:\/\/unitedwaypr.org\/en\/wp-json\/wp\/v2\/types\/page"}],"author":[{"embeddable":true,"href":"https:\/\/unitedwaypr.org\/en\/wp-json\/wp\/v2\/users\/2"}],"replies":[{"embeddable":true,"href":"https:\/\/unitedwaypr.org\/en\/wp-json\/wp\/v2\/comments?post=2190"}],"version-history":[{"count":0,"href":"https:\/\/unitedwaypr.org\/en\/wp-json\/wp\/v2\/pages\/2190\/revisions"}],"wp:attachment":[{"href":"https:\/\/unitedwaypr.org\/en\/wp-json\/wp\/v2\/media?parent=2190"}],"curies":[{"name":"wp","href":"https:\/\/api.w.org\/{rel}","templated":true}]}}